{"id":51,"date":"2016-12-23T23:16:52","date_gmt":"2016-12-23T23:16:52","guid":{"rendered":"http:\/\/pfadfinder-diespeck.de\/?page_id=51"},"modified":"2025-10-14T15:05:35","modified_gmt":"2025-10-14T13:05:35","slug":"pfadfinderei","status":"publish","type":"page","link":"https:\/\/pfadfinder-diespeck.de\/?page_id=51","title":{"rendered":"Herzlich Willkommen auf der Internetseite des Stammes Veit vom Berg"},"content":{"rendered":"<p>Viele Besucher dieser Internetseite stellen sich die Frage, was Pfadfinder eigentlich sind und was wir Pfadfinder, den ganzen Tag, aber auch das ganze Jahr, machen.<\/p>\n<p>Hierzu k\u00f6nnte man sehr viel schreiben, am besten erlebt man das Abenteuer Pfadfinderei aber! Einen ersten Eindruck versucht trotzdem unsere <a href=\"https:\/\/pfadfinder-diespeck.de\/?page_id=2811\">Bildergalerie<\/a> vermitteln, auch wenn Abenteuer, Feuerrauch und Emotionen schwer in einem Foto festgehalten werden k\u00f6nnen.<\/p>\n<p>Einerseits gibt es auf dieser Seite auch die wichtigsten Informationen \u00fcber den <a href=\"https:\/\/pfadfinder-diespeck.de\/?page_id=43\">Stamm Veit vom Berg<\/a> in der St. Johannesgemeinde in Diespeck. Zum Anderen gibt allgemeine Informationen \u00fcber unseren <a href=\"https:\/\/pfadfinder-diespeck.de\/?page_id=226\">Bund<\/a>, die CPD e.V. , \u00fcber die Pfadfinderei im Allgemeinen und Wissenswertes \u00fcber unseres grauen Hemden und gr\u00fcnen\/blauen Halst\u00fcchter. Und auch \u00fcber unsere <a href=\"https:\/\/pfadfinder-diespeck.de\/?page_id=1492\">Gruppen<\/a>, welche wir Sippen &amp; Meuten nennen und die aus Pfadfinder und W\u00f6lflinge bestehen k\u00f6nnt ihr etwas lesen.<\/p>\n<p>Nat\u00fcrlich k\u00f6nnen Sie sich gerne <a title=\"Unsere F\u00fchrerrunde\" href=\"https:\/\/pfadfinder-diespeck.de\/?page_id=1315\">an uns wenden<\/a>, wenn Sie noch weitere Fragen haben!<\/p>\n\n\n<p><\/p>\n","protected":false},"excerpt":{"rendered":"<p>Viele Besucher dieser Internetseite stellen sich die Frage, was Pfadfinder eigentlich sind und was wir Pfadfinder, den ganzen Tag, aber auch das ganze Jahr, machen. Hierzu k\u00f6nnte man sehr viel schreiben, am besten erlebt man das Abenteuer Pfadfinderei aber! Einen &hellip;<\/p>\n","protected":false},"author":1,"featured_media":2909,"parent":0,"menu_order":0,"comment_status":"closed","ping_status":"closed","template":"","meta":{"footnotes":""},"class_list":["post-51","page","type-page","status-publish","has-post-thumbnail","hentry"],"_links":{"self":[{"href":"https:\/\/pfadfinder-diespeck.de\/index.php?rest_route=\/wp\/v2\/pages\/51","targetHints":{"allow":["GET"]}}],"collection":[{"href":"https:\/\/pfadfinder-diespeck.de\/index.php?rest_route=\/wp\/v2\/pages"}],"about":[{"href":"https:\/\/pfadfinder-diespeck.de\/index.php?rest_route=\/wp\/v2\/types\/page"}],"author":[{"embeddable":true,"href":"https:\/\/pfadfinder-diespeck.de\/index.php?rest_route=\/wp\/v2\/users\/1"}],"replies":[{"embeddable":true,"href":"https:\/\/pfadfinder-diespeck.de\/index.php?rest_route=%2Fwp%2Fv2%2Fcomments&post=51"}],"version-history":[{"count":13,"href":"https:\/\/pfadfinder-diespeck.de\/index.php?rest_route=\/wp\/v2\/pages\/51\/revisions"}],"predecessor-version":[{"id":3055,"href":"https:\/\/pfadfinder-diespeck.de\/index.php?rest_route=\/wp\/v2\/pages\/51\/revisions\/3055"}],"wp:featuredmedia":[{"embeddable":true,"href":"https:\/\/pfadfinder-diespeck.de\/index.php?rest_route=\/wp\/v2\/media\/2909"}],"wp:attachment":[{"href":"https:\/\/pfadfinder-diespeck.de\/index.php?rest_route=%2Fwp%2Fv2%2Fmedia&parent=51"}],"curies":[{"name":"wp","href":"https:\/\/api.w.org\/{rel}","templated":true}]}}