{"id":43,"date":"2016-12-23T23:13:53","date_gmt":"2016-12-23T23:13:53","guid":{"rendered":"http:\/\/pfadfinder-diespeck.de\/?page_id=43"},"modified":"2025-03-07T17:36:14","modified_gmt":"2025-03-07T16:36:14","slug":"der-stamm-veit-vom-berg","status":"publish","type":"page","link":"https:\/\/pfadfinder-diespeck.de\/?page_id=43","title":{"rendered":"Der Stamm &#8222;Veit vom Berg&#8220;"},"content":{"rendered":"<div class=\"wp-block-image is-style-rounded\">\n<figure class=\"alignright size-full is-resized\"><img loading=\"lazy\" decoding=\"async\" width=\"300\" height=\"225\" src=\"https:\/\/pfadfinder-diespeck.de\/wp-content\/uploads\/2016\/12\/P1010345-300x225.jpg\" alt=\"\" class=\"wp-image-152\" style=\"aspect-ratio:0.8984375;width:129px;height:auto\"\/><figcaption class=\"wp-element-caption\">Das Mesnerhaus<br><em>Am Kirchberg 14<br>91456 Diespeck <\/em><\/figcaption><\/figure><\/div>\n\n\n<p>Der Stamm Veit vom Berg  entstand aus einer Pfadfindergruppe, die 1912 im CVJM Neustadt a. d. Aisch gegr\u00fcndet wurde. Die Pfadfindergruppe in Diespeck, bzw. fr\u00fcher in Neustadt a. d. Aisch, z\u00e4hlt damit zu den \u00e4ltesten in Deutschland. Bis zur Fusion zum, der Christlichen Pfadfinderschaft (CP), des Evangelischen M\u00e4dchenpfadfinderbundes (EMP) und des Bundes Christlicher Pfadfinderinnen (BCP) zum &#8222;Christlich-Evangelischen-Gro\u00dfverband&#8220; Verband Christlicher Pfadfinderinnen und Pfadfinder (kurz: VCP), war der &#8222;Stamm Veit vom Berg&#8220; Teil der Christlichen Pfadfinderschaft (CP). Seit Anfang der 80er Jahre, ist der Stamm nicht mehr in Neustadt a. d. Aisch sondern in Diespeck im alten Mesnerhaus beheimatet. In unserem Mesnerhaus k\u00f6nnen wir dank unserer Kirchengemeinde kostenlos unser Material lagern und uns zu unseren w\u00f6chentlichen Meuten- und Sippenstunden treffen. Seit damals gab es fast ununterbrochen aktive Gruppen vor Ort. Zwischen den Jahren 2006 und 2009 ruhte die Arbeit komplett, bevor die Arbeit durch Gerd Hahn reaktiviert wurde und der Stamm wieder auf ca. 50 aktive Mitglieder wuchs.<\/p>\n\n\n\n<p class=\"has-text-align-center\"><strong>Unser Namenspatron: Pfarrer Johann Veit vom Berg &#8211; der Held im Kirchenrock<\/strong><\/p>\n\n\n<div class=\"wp-block-image\">\n<figure class=\"alignleft\"><img decoding=\"async\" src=\"https:\/\/pfadfinder-diespeck.de\/wp-content\/uploads\/2016\/12\/Berg_Bild-191x300.jpg\" alt=\"Berg_Bild\" class=\"wp-image-374\"\/><\/figure><\/div>\n\n\n<p><br>Pfadfinderst\u00e4mme geben sich traditionell einen \u201cNamen\u201d,  normalerweise den einer (lokalen) Ber\u00fchmtheit, die fortan als Schutzpatron und Namensgeber f\u00fcr den Stamm fungiert. Der Stamm der Christlichen Pfadfinder in Diespeck hei\u00dft &#8222;Veit vom Berg&#8220; \u2013 doch wer ist dieser \u201cVeit vom Berg\u201d \u00fcberhaupt?<\/p>\n\n\n\n<p class=\"has-text-align-center\"><em>\u201cIch, Johann Veit vom Berg, Franke aus Baudenbach, rechtm\u00e4\u00dfig berufen auf die Oberh\u00f6chst\u00e4dter Pfarrei und am 13. Sonntag nach Trinitatis ordiniert, bekenne mit Herz und Mund, dass ich gegen die Augsburger Konfession und die Konkordienformel nichts lehren werde.\u201d<\/em><br>So schrieb Pfarrer Veit vom Berg damals ins Ordinatsbuch von Bayreuth.<\/p>\n\n\n\n<p><\/p>\n\n\n\n<p>Geboren wurde er am 22. Mai 1612 in Baudenbach, wo bereits sein Vater Pfarrer war, seine Mutter stammte aus Gutenstetten. Vater und Mutter verstarben w\u00e4hrend Veit vom Bergs Jugend an der Pest. Veit besuchte anfangs die Lateinschule in Neustadt a. d. Aisch, musste diese jedoch nach dem Tod des Vaters verlassen und sich Kost und Logis bei seiner Tante in der Klobenm\u00fchle bei Diespeck erarbeiten. Mit Hilfe seiner Tante und des Neust\u00e4dter Dekans konnte er sp\u00e4ter den Schulbesuch fortsetzen.W\u00e4hrend des Kroateneinfalls vom 7. Juli 1632 wurde Veit vom Berg gefangen genommen und konnte erst nach 14 Tagen den Kaiserlichen Soldaten bei N\u00fcrnberg entkommen. Er landete schlie\u00dflich im damals schwedischen W\u00fcrzburg. Dort arbeitete er f\u00fcr den Generalsuperintendanten Schleupner, bevor er schlie\u00dflich mit diesem vor den kaiserlich-katholischen Soldaten nach Erfurt floh. Nach kurzem Philosophiestudium und dem Tod Schleupners kehrte er wohl nach einem Jahr als Lehrer nach Neustadt\/Aisch zur\u00fcck.<\/p>\n\n\n\n<p>Bereits 1639, wurde Veit vom Berg ordiniert und zum Pfarrer von Oberh\u00f6chst\u00e4dt bestellt, obwohl er nie Theologie studiert hatte und er nur eine kurze gesonderte Pr\u00fcfung vor dem Konsistorium in Kulmbach ablegte. Zu dieser Zeit&nbsp;hatte der 30 J\u00e4hrige Krieg den Aischgrund fast vollst\u00e4ndig entv\u00f6lkert. Da Veit vom Berg der einzige Pfarrer in der Gegend war versorgte er auch die Gemeinden Uehlfeld, Dachsbach, Gerhardshofen, Kairlindach, Steppach, Emskirchen und Kirchfarrnbach (so wie&nbsp;kurzzeitig diverse andere). W\u00e4hrend dieser Zeit fand er Unterschlupf im Schloss Birnbaum beim Ritter Bleymann von L\u00f6wenburg. Hier trug sich auch die Legende zu, die Veit vom Berg sp\u00e4ter ma\u00dfgeblich gepr\u00e4gt hat. An einem sch\u00f6nen Tage, wurde Pfarrer Veit vom Berg von einem Trupp kaiserlicher Reiter \u00fcberfallen, die einen Schuss auf ihn abgaben, der ihn wohl in der Brust traf. Lebensretter war hier eine Bibel, die er \u00fcber dem Herzen trug und somit eine Verletzung verhinderte. Veit vom Berg heiratete am 11. Mai 1640 Anna Kolb, die Tochter des dortigen B\u00fcrgermeisters, sie bekamen gemeinsam 7 Kinder. Er verstarb am 4. Juni 1675, im damals segensreichen Alter von 63 Jahren in Uehlfeld.<\/p>\n\n\n<div class=\"wp-block-image is-style-default\">\n<figure class=\"alignright size-full is-resized\"><img loading=\"lazy\" decoding=\"async\" width=\"5535\" height=\"5907\" src=\"https:\/\/pfadfinder-diespeck.de\/wp-content\/uploads\/2022\/04\/Wappen_von_vvb-neu.png\" alt=\"\" class=\"wp-image-1277\" style=\"aspect-ratio:0.8984375;width:129px;height:auto\" srcset=\"https:\/\/pfadfinder-diespeck.de\/wp-content\/uploads\/2022\/04\/Wappen_von_vvb-neu.png 5535w, https:\/\/pfadfinder-diespeck.de\/wp-content\/uploads\/2022\/04\/Wappen_von_vvb-neu-281x300.png 281w, https:\/\/pfadfinder-diespeck.de\/wp-content\/uploads\/2022\/04\/Wappen_von_vvb-neu-960x1024.png 960w, https:\/\/pfadfinder-diespeck.de\/wp-content\/uploads\/2022\/04\/Wappen_von_vvb-neu-768x820.png 768w, https:\/\/pfadfinder-diespeck.de\/wp-content\/uploads\/2022\/04\/Wappen_von_vvb-neu-1439x1536.png 1439w, https:\/\/pfadfinder-diespeck.de\/wp-content\/uploads\/2022\/04\/Wappen_von_vvb-neu-1919x2048.png 1919w\" sizes=\"auto, (max-width: 5535px) 100vw, 5535px\" \/><figcaption class=\"wp-element-caption\">Das neu eingef\u00fchrte Stammeswappen <\/figcaption><\/figure><\/div>\n\n\n<p>Seit dem Jahr 2011 besitzen wir ein neues Stammeswappen, das angelehnt an unsere Kirche St. Johannis bzw. das Gemeindewappen von Diespeck in der rechten Seite den Taufstein unserer Kirche f\u00fchrt und in der linken Seite, die durchl\u00f6cherte Bibel unseres Namenspatrons, Pfarrer Veit vom Berg. Eingerahmt wird das Wappen in den Gemeindefarben, wei\u00df links und gr\u00fcn rechts. Seit demselben Jahr pr\u00e4sentieren wir uns auf unser Internetseite Ehemaligen, Freunden, Eltern und Interessenten. Im Jahr 2013 wurde zur finanziellen Unterst\u00fctzung und rechtlichen Absicherung der Pfadfinderarbeit im Stamm Veit vom Berg ein <a class=\"ek-link\" href=\"https:\/\/pfadfinder-diespeck.de\/?page_id=72\">F\u00f6rderverein<\/a> gegr\u00fcndet. Ein Jahr sp\u00e4ter beschloss das Stammesthing 2014 die (Wieder-) Einf\u00fchrung von Hei\u00df oder Kalt (vom CP-Liedermacher Horst Wesenberg geschrieben) als Stammeslied, nachdem es \u00fcber die Jahre in Vergessenheit geraten war. Auch die 4. Strophe, die vermutlich von unserem ehemaligen Stammesf\u00fchrer Gerhard &#8222;Gerd&#8220; Heinrichsen geschrieben wurde, geh\u00f6rte fest dazu. <br><\/p>\n\n\n\n<p class=\"has-text-align-center\">Unser Stammeslied ist f\u00fcr uns Ausdruck unserer Gemeinschaft und wir versuchen es so oft es geht gemeinsam zu singen.<\/p>\n\n\n\n<h2 class=\"wp-block-heading has-text-align-center\"><strong><span style=\"text-decoration: underline;\">Hei\u00df oder Kalt<\/span><\/strong><\/h2>\n\n\n\n<p class=\"has-text-align-center\"><em>Hei\u00df das Blut, das die Adern durchrauscht<\/em><br><em>Kalt der Wind, der das Fahnentuch bauscht<\/em><br><em>Hei\u00df oder Kalt! Ja oder nein!<\/em><br><em>Niemals d\u00fcrfen wir lauwarm sein!<\/em><\/p>\n\n\n\n<p class=\"has-text-align-center\"><em>Fest den Blick in das Dunkel gespannt<\/em><br><em>Frei das Herz, und die Not ist gebannt<\/em><br><em>Hei\u00df oder Kalt! Ja oder nein!<\/em><br><em>Schlagt dem Teufel die T\u00fcren ein!<\/em><\/p>\n\n\n\n<p class=\"has-text-align-center\"><em>Halber Wille ist ganzer Verzicht!<\/em><br><em>Halbe Menschen gefallen Gott nicht!<\/em><br><em>Hei\u00df oder Kalt! Ja oder nein!<\/em><br><em>Sieger sollen bei Christus sein!<\/em><\/p>\n\n\n\n<p class=\"has-text-align-center\"><em>Veit vom Berg zieht dem Haufen voran.<\/em><br><em>Christus selbst leitet unsere Bahn.<\/em><br><em>Hei\u00df oder Kalt! Ja oder nein!<\/em><br><em>Ganze Kerle wollen wir sein!<\/em><\/p>\n\n\n\n<p>Der gr\u00f6\u00dfte Umbruch der letzten Jahrzehnte erfolgte allerdings im Jahr 2016, als das Stammesthing im November 2016 beschloss den Verband Christlicher Pfadfinderinnen und Pfadfinder aufgrund inhaltlicher Differenzen zu verlassen und zum 1.1.2017 der Christlichen Pfadfinderschaft Deutschlands e.V. (einem Nachfolgebund der alten Christlichen Pfadfinderschaft) beizutreten. Dort geh\u00f6ren wir zum Gau Merowinger in der Landesmark Bavaria.<\/p>\n\n\n\n<p>Gef\u00fchrt wird der Stamm heute durch einen j\u00e4hrlich gew\u00e4hlten Stammesf\u00fchrer Hand in Hand mit den anderen gew\u00e4hlten \u00c4mtern und Akelas\/Meutenf\u00fchrern (der sog. F\u00fchrerrunde). <\/p>\n","protected":false},"excerpt":{"rendered":"<p>Der Stamm Veit vom Berg entstand aus einer Pfadfindergruppe, die 1912 im CVJM Neustadt a. d. Aisch gegr\u00fcndet wurde. Die Pfadfindergruppe in Diespeck, bzw. fr\u00fcher in Neustadt a. d. Aisch, z\u00e4hlt damit zu den \u00e4ltesten in Deutschland. Bis zur Fusion &hellip;<\/p>\n","protected":false},"author":1,"featured_media":2918,"parent":0,"menu_order":0,"comment_status":"closed","ping_status":"closed","template":"","meta":{"footnotes":""},"class_list":["post-43","page","type-page","status-publish","has-post-thumbnail","hentry"],"_links":{"self":[{"href":"https:\/\/pfadfinder-diespeck.de\/index.php?rest_route=\/wp\/v2\/pages\/43","targetHints":{"allow":["GET"]}}],"collection":[{"href":"https:\/\/pfadfinder-diespeck.de\/index.php?rest_route=\/wp\/v2\/pages"}],"about":[{"href":"https:\/\/pfadfinder-diespeck.de\/index.php?rest_route=\/wp\/v2\/types\/page"}],"author":[{"embeddable":true,"href":"https:\/\/pfadfinder-diespeck.de\/index.php?rest_route=\/wp\/v2\/users\/1"}],"replies":[{"embeddable":true,"href":"https:\/\/pfadfinder-diespeck.de\/index.php?rest_route=%2Fwp%2Fv2%2Fcomments&post=43"}],"version-history":[{"count":29,"href":"https:\/\/pfadfinder-diespeck.de\/index.php?rest_route=\/wp\/v2\/pages\/43\/revisions"}],"predecessor-version":[{"id":2858,"href":"https:\/\/pfadfinder-diespeck.de\/index.php?rest_route=\/wp\/v2\/pages\/43\/revisions\/2858"}],"wp:featuredmedia":[{"embeddable":true,"href":"https:\/\/pfadfinder-diespeck.de\/index.php?rest_route=\/wp\/v2\/media\/2918"}],"wp:attachment":[{"href":"https:\/\/pfadfinder-diespeck.de\/index.php?rest_route=%2Fwp%2Fv2%2Fmedia&parent=43"}],"curies":[{"name":"wp","href":"https:\/\/api.w.org\/{rel}","templated":true}]}}