{"id":2811,"date":"2023-11-30T12:48:13","date_gmt":"2023-11-30T11:48:13","guid":{"rendered":"https:\/\/pfadfinder-diespeck.de\/?page_id=2811"},"modified":"2025-07-10T02:29:39","modified_gmt":"2025-07-10T00:29:39","slug":"bildergallerie","status":"publish","type":"page","link":"https:\/\/pfadfinder-diespeck.de\/?page_id=2811","title":{"rendered":"So sieht unsere Arbeit aus!"},"content":{"rendered":"\n<p>Nat\u00fcrlich k\u00f6nnen wir die erfahrene Gemeinschaft, den gelebten Glauben, spannende Abenteuer, den Duft von Feuerrauch und die vielen anderen kleinen und gro\u00dfen Dinge, welche die Pfadfinderei in unserem Stamm ausmachen, nicht f\u00fcr den Besucher einer Internetseite erfahrbar machen. Mit einigen ausgew\u00e4hlten Bildern m\u00f6chten wir trotzdem versuchen, einen Eindruck davon zu vermitteln, wie unsere Arbeit in den Meuten- und Sippenstunden, aber auch bei unseren Fahrten und Lagern aussieht:<\/p>\n\n\n\n<p><\/p>\n\n\n\n<figure class=\"wp-block-video aligncenter\"><video controls src=\"https:\/\/pfadfinder-diespeck.de\/wp-content\/uploads\/2025\/07\/yallah.mp4\"><\/video><\/figure>\n\n\n\n<p><\/p>\n\n\n<div class=\"wp-block-image\">\n<figure class=\"aligncenter size-large\"><a href=\"https:\/\/pfadfinder-diespeck.de\/wp-content\/uploads\/2025\/06\/DSC02962.jpg\"><img loading=\"lazy\" decoding=\"async\" width=\"1024\" height=\"232\" src=\"https:\/\/pfadfinder-diespeck.de\/wp-content\/uploads\/2025\/06\/DSC02962-1024x232.jpg\" alt=\"\" class=\"wp-image-2956\" srcset=\"https:\/\/pfadfinder-diespeck.de\/wp-content\/uploads\/2025\/06\/DSC02962-1024x232.jpg 1024w, https:\/\/pfadfinder-diespeck.de\/wp-content\/uploads\/2025\/06\/DSC02962-300x68.jpg 300w, https:\/\/pfadfinder-diespeck.de\/wp-content\/uploads\/2025\/06\/DSC02962-768x174.jpg 768w, https:\/\/pfadfinder-diespeck.de\/wp-content\/uploads\/2025\/06\/DSC02962-1536x348.jpg 1536w, https:\/\/pfadfinder-diespeck.de\/wp-content\/uploads\/2025\/06\/DSC02962-496x112.jpg 496w, https:\/\/pfadfinder-diespeck.de\/wp-content\/uploads\/2025\/06\/DSC02962.jpg 1920w\" sizes=\"auto, (max-width: 1024px) 100vw, 1024px\" \/><\/a><\/figure><\/div>\n\n\n<p><\/p>\n\n\n<div class=\"wp-block-image\">\n<figure class=\"aligncenter size-large\"><a href=\"https:\/\/pfadfinder-diespeck.de\/wp-content\/uploads\/2025\/06\/IMG_0120.png\"><img loading=\"lazy\" decoding=\"async\" width=\"1024\" height=\"768\" src=\"https:\/\/pfadfinder-diespeck.de\/wp-content\/uploads\/2025\/06\/IMG_0120-1024x768.png\" alt=\"\" class=\"wp-image-2980\" srcset=\"https:\/\/pfadfinder-diespeck.de\/wp-content\/uploads\/2025\/06\/IMG_0120-1024x768.png 1024w, https:\/\/pfadfinder-diespeck.de\/wp-content\/uploads\/2025\/06\/IMG_0120-300x225.png 300w, https:\/\/pfadfinder-diespeck.de\/wp-content\/uploads\/2025\/06\/IMG_0120-768x576.png 768w, https:\/\/pfadfinder-diespeck.de\/wp-content\/uploads\/2025\/06\/IMG_0120-1536x1152.png 1536w, https:\/\/pfadfinder-diespeck.de\/wp-content\/uploads\/2025\/06\/IMG_0120-2048x1536.png 2048w, https:\/\/pfadfinder-diespeck.de\/wp-content\/uploads\/2025\/06\/IMG_0120-400x300.png 400w\" sizes=\"auto, (max-width: 1024px) 100vw, 1024px\" \/><\/a><\/figure><\/div>\n\n\n<p><\/p>\n\n\n<div class=\"wp-block-image\">\n<figure class=\"aligncenter size-large\"><a href=\"https:\/\/pfadfinder-diespeck.de\/wp-content\/uploads\/2025\/06\/IMG_2372-scaled.jpg\"><img loading=\"lazy\" decoding=\"async\" width=\"768\" height=\"1024\" src=\"https:\/\/pfadfinder-diespeck.de\/wp-content\/uploads\/2025\/06\/IMG_2372-768x1024.jpg\" alt=\"\" class=\"wp-image-2967\" srcset=\"https:\/\/pfadfinder-diespeck.de\/wp-content\/uploads\/2025\/06\/IMG_2372-768x1024.jpg 768w, https:\/\/pfadfinder-diespeck.de\/wp-content\/uploads\/2025\/06\/IMG_2372-225x300.jpg 225w, https:\/\/pfadfinder-diespeck.de\/wp-content\/uploads\/2025\/06\/IMG_2372-1152x1536.jpg 1152w, https:\/\/pfadfinder-diespeck.de\/wp-content\/uploads\/2025\/06\/IMG_2372-1536x2048.jpg 1536w, https:\/\/pfadfinder-diespeck.de\/wp-content\/uploads\/2025\/06\/IMG_2372-scaled.jpg 1920w\" sizes=\"auto, (max-width: 768px) 100vw, 768px\" \/><\/a><\/figure><\/div>\n\n\n<p><\/p>\n\n\n\n<div class=\"wp-block-columns alignwide are-vertically-aligned-center is-layout-flex wp-container-core-columns-is-layout-9d6595d7 wp-block-columns-is-layout-flex\">\n<div class=\"wp-block-column is-vertically-aligned-center is-layout-flow wp-block-column-is-layout-flow\" style=\"flex-basis:100%\">\n<figure class=\"wp-block-gallery has-nested-images columns-default is-cropped wp-block-gallery-1 is-layout-flex wp-block-gallery-is-layout-flex\">\n<figure class=\"wp-block-image size-large\"><a href=\"https:\/\/pfadfinder-diespeck.de\/wp-content\/uploads\/2025\/06\/IMG_2366-scaled.jpg\"><img loading=\"lazy\" decoding=\"async\" width=\"768\" height=\"1024\" data-id=\"2966\" src=\"https:\/\/pfadfinder-diespeck.de\/wp-content\/uploads\/2025\/06\/IMG_2366-768x1024.jpg\" alt=\"\" class=\"wp-image-2966\" srcset=\"https:\/\/pfadfinder-diespeck.de\/wp-content\/uploads\/2025\/06\/IMG_2366-768x1024.jpg 768w, https:\/\/pfadfinder-diespeck.de\/wp-content\/uploads\/2025\/06\/IMG_2366-225x300.jpg 225w, https:\/\/pfadfinder-diespeck.de\/wp-content\/uploads\/2025\/06\/IMG_2366-1152x1536.jpg 1152w, https:\/\/pfadfinder-diespeck.de\/wp-content\/uploads\/2025\/06\/IMG_2366-1536x2048.jpg 1536w, https:\/\/pfadfinder-diespeck.de\/wp-content\/uploads\/2025\/06\/IMG_2366-scaled.jpg 1920w\" sizes=\"auto, (max-width: 768px) 100vw, 768px\" \/><\/a><\/figure>\n\n\n\n<figure class=\"wp-block-image size-large\"><a href=\"https:\/\/pfadfinder-diespeck.de\/wp-content\/uploads\/2025\/06\/IMG_2449-4-scaled.jpg\"><img loading=\"lazy\" decoding=\"async\" width=\"768\" height=\"1024\" data-id=\"2968\" src=\"https:\/\/pfadfinder-diespeck.de\/wp-content\/uploads\/2025\/06\/IMG_2449-4-768x1024.jpg\" alt=\"\" class=\"wp-image-2968\" srcset=\"https:\/\/pfadfinder-diespeck.de\/wp-content\/uploads\/2025\/06\/IMG_2449-4-768x1024.jpg 768w, https:\/\/pfadfinder-diespeck.de\/wp-content\/uploads\/2025\/06\/IMG_2449-4-225x300.jpg 225w, https:\/\/pfadfinder-diespeck.de\/wp-content\/uploads\/2025\/06\/IMG_2449-4-1152x1536.jpg 1152w, https:\/\/pfadfinder-diespeck.de\/wp-content\/uploads\/2025\/06\/IMG_2449-4-1536x2048.jpg 1536w, https:\/\/pfadfinder-diespeck.de\/wp-content\/uploads\/2025\/06\/IMG_2449-4-scaled.jpg 1920w\" sizes=\"auto, (max-width: 768px) 100vw, 768px\" \/><\/a><\/figure>\n<\/figure>\n<\/div>\n<\/div>\n\n\n\n<p><\/p>\n\n\n<div class=\"wp-block-image\">\n<figure class=\"aligncenter size-large\"><a href=\"https:\/\/pfadfinder-diespeck.de\/wp-content\/uploads\/2025\/06\/IMG_2525-scaled.jpg\"><img loading=\"lazy\" decoding=\"async\" width=\"1024\" height=\"768\" src=\"https:\/\/pfadfinder-diespeck.de\/wp-content\/uploads\/2025\/06\/IMG_2525-1024x768.jpg\" alt=\"\" class=\"wp-image-2969\" srcset=\"https:\/\/pfadfinder-diespeck.de\/wp-content\/uploads\/2025\/06\/IMG_2525-1024x768.jpg 1024w, https:\/\/pfadfinder-diespeck.de\/wp-content\/uploads\/2025\/06\/IMG_2525-300x225.jpg 300w, https:\/\/pfadfinder-diespeck.de\/wp-content\/uploads\/2025\/06\/IMG_2525-768x576.jpg 768w, https:\/\/pfadfinder-diespeck.de\/wp-content\/uploads\/2025\/06\/IMG_2525-1536x1152.jpg 1536w, https:\/\/pfadfinder-diespeck.de\/wp-content\/uploads\/2025\/06\/IMG_2525-2048x1536.jpg 2048w, https:\/\/pfadfinder-diespeck.de\/wp-content\/uploads\/2025\/06\/IMG_2525-400x300.jpg 400w\" sizes=\"auto, (max-width: 1024px) 100vw, 1024px\" \/><\/a><\/figure><\/div>\n\n\n<p><\/p>\n\n\n<div class=\"wp-block-image\">\n<figure class=\"aligncenter size-large\"><a href=\"https:\/\/pfadfinder-diespeck.de\/wp-content\/uploads\/2025\/06\/Eisfressen-1.png\"><img loading=\"lazy\" decoding=\"async\" width=\"1024\" height=\"792\" src=\"https:\/\/pfadfinder-diespeck.de\/wp-content\/uploads\/2025\/06\/Eisfressen-1-1024x792.png\" alt=\"\" class=\"wp-image-3032\" srcset=\"https:\/\/pfadfinder-diespeck.de\/wp-content\/uploads\/2025\/06\/Eisfressen-1-1024x792.png 1024w, https:\/\/pfadfinder-diespeck.de\/wp-content\/uploads\/2025\/06\/Eisfressen-1-300x232.png 300w, https:\/\/pfadfinder-diespeck.de\/wp-content\/uploads\/2025\/06\/Eisfressen-1-768x594.png 768w, https:\/\/pfadfinder-diespeck.de\/wp-content\/uploads\/2025\/06\/Eisfressen-1-1536x1188.png 1536w, https:\/\/pfadfinder-diespeck.de\/wp-content\/uploads\/2025\/06\/Eisfressen-1-2048x1584.png 2048w, https:\/\/pfadfinder-diespeck.de\/wp-content\/uploads\/2025\/06\/Eisfressen-1-388x300.png 388w\" sizes=\"auto, (max-width: 1024px) 100vw, 1024px\" \/><\/a><\/figure><\/div>\n\n\n<p><\/p>\n\n\n<div class=\"wp-block-image\">\n<figure class=\"aligncenter size-large\"><a href=\"https:\/\/pfadfinder-diespeck.de\/wp-content\/uploads\/2025\/06\/IMG_1817-scaled.jpeg\"><img loading=\"lazy\" decoding=\"async\" width=\"1024\" height=\"683\" src=\"https:\/\/pfadfinder-diespeck.de\/wp-content\/uploads\/2025\/06\/IMG_1817-1024x683.jpeg\" alt=\"\" class=\"wp-image-2965\" srcset=\"https:\/\/pfadfinder-diespeck.de\/wp-content\/uploads\/2025\/06\/IMG_1817-1024x683.jpeg 1024w, https:\/\/pfadfinder-diespeck.de\/wp-content\/uploads\/2025\/06\/IMG_1817-300x200.jpeg 300w, https:\/\/pfadfinder-diespeck.de\/wp-content\/uploads\/2025\/06\/IMG_1817-768x512.jpeg 768w, https:\/\/pfadfinder-diespeck.de\/wp-content\/uploads\/2025\/06\/IMG_1817-1536x1024.jpeg 1536w, https:\/\/pfadfinder-diespeck.de\/wp-content\/uploads\/2025\/06\/IMG_1817-2048x1365.jpeg 2048w, https:\/\/pfadfinder-diespeck.de\/wp-content\/uploads\/2025\/06\/IMG_1817-450x300.jpeg 450w\" sizes=\"auto, (max-width: 1024px) 100vw, 1024px\" \/><\/a><\/figure><\/div>\n\n\n<p><\/p>\n\n\n\n<figure class=\"wp-block-gallery has-nested-images columns-default is-cropped wp-block-gallery-2 is-layout-flex wp-block-gallery-is-layout-flex\">\n<figure class=\"wp-block-image size-large\"><a href=\"https:\/\/pfadfinder-diespeck.de\/wp-content\/uploads\/2025\/06\/IMG_1474-scaled.jpeg\"><img loading=\"lazy\" decoding=\"async\" width=\"682\" height=\"1024\" data-id=\"2977\" src=\"https:\/\/pfadfinder-diespeck.de\/wp-content\/uploads\/2025\/06\/IMG_1474-682x1024.jpeg\" alt=\"\" class=\"wp-image-2977\" srcset=\"https:\/\/pfadfinder-diespeck.de\/wp-content\/uploads\/2025\/06\/IMG_1474-682x1024.jpeg 682w, https:\/\/pfadfinder-diespeck.de\/wp-content\/uploads\/2025\/06\/IMG_1474-200x300.jpeg 200w, https:\/\/pfadfinder-diespeck.de\/wp-content\/uploads\/2025\/06\/IMG_1474-768x1153.jpeg 768w, https:\/\/pfadfinder-diespeck.de\/wp-content\/uploads\/2025\/06\/IMG_1474-1023x1536.jpeg 1023w, https:\/\/pfadfinder-diespeck.de\/wp-content\/uploads\/2025\/06\/IMG_1474-1364x2048.jpeg 1364w, https:\/\/pfadfinder-diespeck.de\/wp-content\/uploads\/2025\/06\/IMG_1474-scaled.jpeg 1705w\" sizes=\"auto, (max-width: 682px) 100vw, 682px\" \/><\/a><\/figure>\n\n\n\n<figure class=\"wp-block-image size-large\"><a href=\"https:\/\/pfadfinder-diespeck.de\/wp-content\/uploads\/2025\/06\/IMG_0190-scaled.jpeg\"><img loading=\"lazy\" decoding=\"async\" width=\"768\" height=\"1024\" data-id=\"3015\" src=\"https:\/\/pfadfinder-diespeck.de\/wp-content\/uploads\/2025\/06\/IMG_0190-768x1024.jpeg\" alt=\"\" class=\"wp-image-3015\" srcset=\"https:\/\/pfadfinder-diespeck.de\/wp-content\/uploads\/2025\/06\/IMG_0190-768x1024.jpeg 768w, https:\/\/pfadfinder-diespeck.de\/wp-content\/uploads\/2025\/06\/IMG_0190-225x300.jpeg 225w, https:\/\/pfadfinder-diespeck.de\/wp-content\/uploads\/2025\/06\/IMG_0190-1152x1536.jpeg 1152w, https:\/\/pfadfinder-diespeck.de\/wp-content\/uploads\/2025\/06\/IMG_0190-1536x2048.jpeg 1536w, https:\/\/pfadfinder-diespeck.de\/wp-content\/uploads\/2025\/06\/IMG_0190-scaled.jpeg 1920w\" sizes=\"auto, (max-width: 768px) 100vw, 768px\" \/><\/a><\/figure>\n<\/figure>\n\n\n\n<p><\/p>\n\n\n<div class=\"wp-block-image\">\n<figure class=\"aligncenter size-large\"><a href=\"https:\/\/pfadfinder-diespeck.de\/wp-content\/uploads\/2025\/06\/ff1c14b1-9473-469e-b325-3798979d52a9.jpeg\"><img loading=\"lazy\" decoding=\"async\" width=\"1024\" height=\"768\" src=\"https:\/\/pfadfinder-diespeck.de\/wp-content\/uploads\/2025\/06\/ff1c14b1-9473-469e-b325-3798979d52a9-1024x768.jpeg\" alt=\"\" class=\"wp-image-2958\" srcset=\"https:\/\/pfadfinder-diespeck.de\/wp-content\/uploads\/2025\/06\/ff1c14b1-9473-469e-b325-3798979d52a9-1024x768.jpeg 1024w, https:\/\/pfadfinder-diespeck.de\/wp-content\/uploads\/2025\/06\/ff1c14b1-9473-469e-b325-3798979d52a9-300x225.jpeg 300w, https:\/\/pfadfinder-diespeck.de\/wp-content\/uploads\/2025\/06\/ff1c14b1-9473-469e-b325-3798979d52a9-768x576.jpeg 768w, https:\/\/pfadfinder-diespeck.de\/wp-content\/uploads\/2025\/06\/ff1c14b1-9473-469e-b325-3798979d52a9-1536x1152.jpeg 1536w, https:\/\/pfadfinder-diespeck.de\/wp-content\/uploads\/2025\/06\/ff1c14b1-9473-469e-b325-3798979d52a9-400x300.jpeg 400w, https:\/\/pfadfinder-diespeck.de\/wp-content\/uploads\/2025\/06\/ff1c14b1-9473-469e-b325-3798979d52a9.jpeg 1600w\" sizes=\"auto, (max-width: 1024px) 100vw, 1024px\" \/><\/a><\/figure><\/div>\n\n\n<p><\/p>\n\n\n<div class=\"wp-block-image\">\n<figure class=\"aligncenter size-large\"><a href=\"https:\/\/pfadfinder-diespeck.de\/wp-content\/uploads\/2025\/06\/Schottland_TilThiloBu.jpeg\"><img loading=\"lazy\" decoding=\"async\" width=\"1024\" height=\"768\" src=\"https:\/\/pfadfinder-diespeck.de\/wp-content\/uploads\/2025\/06\/Schottland_TilThiloBu-1024x768.jpeg\" alt=\"\" class=\"wp-image-2976\" srcset=\"https:\/\/pfadfinder-diespeck.de\/wp-content\/uploads\/2025\/06\/Schottland_TilThiloBu-1024x768.jpeg 1024w, https:\/\/pfadfinder-diespeck.de\/wp-content\/uploads\/2025\/06\/Schottland_TilThiloBu-300x225.jpeg 300w, https:\/\/pfadfinder-diespeck.de\/wp-content\/uploads\/2025\/06\/Schottland_TilThiloBu-768x576.jpeg 768w, https:\/\/pfadfinder-diespeck.de\/wp-content\/uploads\/2025\/06\/Schottland_TilThiloBu-1536x1152.jpeg 1536w, https:\/\/pfadfinder-diespeck.de\/wp-content\/uploads\/2025\/06\/Schottland_TilThiloBu-400x300.jpeg 400w, https:\/\/pfadfinder-diespeck.de\/wp-content\/uploads\/2025\/06\/Schottland_TilThiloBu.jpeg 1600w\" sizes=\"auto, (max-width: 1024px) 100vw, 1024px\" \/><\/a><\/figure><\/div>\n\n\n<p><\/p>\n\n\n<div class=\"wp-block-image\">\n<figure class=\"aligncenter size-large\"><a href=\"https:\/\/pfadfinder-diespeck.de\/wp-content\/uploads\/2025\/06\/GOPR5921_1723984942964-scaled.jpg\"><img loading=\"lazy\" decoding=\"async\" width=\"1024\" height=\"768\" src=\"https:\/\/pfadfinder-diespeck.de\/wp-content\/uploads\/2025\/06\/GOPR5921_1723984942964-1024x768.jpg\" alt=\"\" class=\"wp-image-2959\" srcset=\"https:\/\/pfadfinder-diespeck.de\/wp-content\/uploads\/2025\/06\/GOPR5921_1723984942964-1024x768.jpg 1024w, https:\/\/pfadfinder-diespeck.de\/wp-content\/uploads\/2025\/06\/GOPR5921_1723984942964-300x225.jpg 300w, https:\/\/pfadfinder-diespeck.de\/wp-content\/uploads\/2025\/06\/GOPR5921_1723984942964-768x576.jpg 768w, https:\/\/pfadfinder-diespeck.de\/wp-content\/uploads\/2025\/06\/GOPR5921_1723984942964-1536x1152.jpg 1536w, https:\/\/pfadfinder-diespeck.de\/wp-content\/uploads\/2025\/06\/GOPR5921_1723984942964-2048x1536.jpg 2048w, https:\/\/pfadfinder-diespeck.de\/wp-content\/uploads\/2025\/06\/GOPR5921_1723984942964-400x300.jpg 400w\" sizes=\"auto, (max-width: 1024px) 100vw, 1024px\" \/><\/a><\/figure><\/div>\n\n\n<p><\/p>\n\n\n<div class=\"wp-block-image\">\n<figure class=\"aligncenter size-large\"><a href=\"https:\/\/pfadfinder-diespeck.de\/wp-content\/uploads\/2025\/06\/GOPR5953_1723984942964-scaled.jpg\"><img loading=\"lazy\" decoding=\"async\" width=\"1024\" height=\"768\" src=\"https:\/\/pfadfinder-diespeck.de\/wp-content\/uploads\/2025\/06\/GOPR5953_1723984942964-1024x768.jpg\" alt=\"\" class=\"wp-image-2960\" srcset=\"https:\/\/pfadfinder-diespeck.de\/wp-content\/uploads\/2025\/06\/GOPR5953_1723984942964-1024x768.jpg 1024w, https:\/\/pfadfinder-diespeck.de\/wp-content\/uploads\/2025\/06\/GOPR5953_1723984942964-300x225.jpg 300w, https:\/\/pfadfinder-diespeck.de\/wp-content\/uploads\/2025\/06\/GOPR5953_1723984942964-768x576.jpg 768w, https:\/\/pfadfinder-diespeck.de\/wp-content\/uploads\/2025\/06\/GOPR5953_1723984942964-1536x1152.jpg 1536w, https:\/\/pfadfinder-diespeck.de\/wp-content\/uploads\/2025\/06\/GOPR5953_1723984942964-2048x1536.jpg 2048w, https:\/\/pfadfinder-diespeck.de\/wp-content\/uploads\/2025\/06\/GOPR5953_1723984942964-400x300.jpg 400w\" sizes=\"auto, (max-width: 1024px) 100vw, 1024px\" \/><\/a><\/figure><\/div>\n\n\n<p><\/p>\n\n\n<div class=\"wp-block-image\">\n<figure class=\"aligncenter size-large\"><a href=\"https:\/\/pfadfinder-diespeck.de\/wp-content\/uploads\/2025\/06\/GOPR6431_1723984942964-scaled.jpg\"><img loading=\"lazy\" decoding=\"async\" width=\"1024\" height=\"768\" src=\"https:\/\/pfadfinder-diespeck.de\/wp-content\/uploads\/2025\/06\/GOPR6431_1723984942964-1024x768.jpg\" alt=\"\" class=\"wp-image-2961\" srcset=\"https:\/\/pfadfinder-diespeck.de\/wp-content\/uploads\/2025\/06\/GOPR6431_1723984942964-1024x768.jpg 1024w, https:\/\/pfadfinder-diespeck.de\/wp-content\/uploads\/2025\/06\/GOPR6431_1723984942964-300x225.jpg 300w, https:\/\/pfadfinder-diespeck.de\/wp-content\/uploads\/2025\/06\/GOPR6431_1723984942964-768x576.jpg 768w, https:\/\/pfadfinder-diespeck.de\/wp-content\/uploads\/2025\/06\/GOPR6431_1723984942964-1536x1152.jpg 1536w, https:\/\/pfadfinder-diespeck.de\/wp-content\/uploads\/2025\/06\/GOPR6431_1723984942964-2048x1536.jpg 2048w, https:\/\/pfadfinder-diespeck.de\/wp-content\/uploads\/2025\/06\/GOPR6431_1723984942964-400x300.jpg 400w\" sizes=\"auto, (max-width: 1024px) 100vw, 1024px\" \/><\/a><\/figure><\/div>\n\n\n<p><\/p>\n\n\n<div class=\"wp-block-image\">\n<figure class=\"aligncenter size-large\"><a href=\"https:\/\/pfadfinder-diespeck.de\/wp-content\/uploads\/2025\/06\/GOPR6447_1723984942964-scaled.jpg\"><img loading=\"lazy\" decoding=\"async\" width=\"1024\" height=\"768\" src=\"https:\/\/pfadfinder-diespeck.de\/wp-content\/uploads\/2025\/06\/GOPR6447_1723984942964-1024x768.jpg\" alt=\"\" class=\"wp-image-2962\" srcset=\"https:\/\/pfadfinder-diespeck.de\/wp-content\/uploads\/2025\/06\/GOPR6447_1723984942964-1024x768.jpg 1024w, https:\/\/pfadfinder-diespeck.de\/wp-content\/uploads\/2025\/06\/GOPR6447_1723984942964-300x225.jpg 300w, https:\/\/pfadfinder-diespeck.de\/wp-content\/uploads\/2025\/06\/GOPR6447_1723984942964-768x576.jpg 768w, https:\/\/pfadfinder-diespeck.de\/wp-content\/uploads\/2025\/06\/GOPR6447_1723984942964-1536x1152.jpg 1536w, https:\/\/pfadfinder-diespeck.de\/wp-content\/uploads\/2025\/06\/GOPR6447_1723984942964-2048x1536.jpg 2048w, https:\/\/pfadfinder-diespeck.de\/wp-content\/uploads\/2025\/06\/GOPR6447_1723984942964-400x300.jpg 400w\" sizes=\"auto, (max-width: 1024px) 100vw, 1024px\" \/><\/a><\/figure><\/div>\n\n\n<p><\/p>\n\n\n\n<figure class=\"wp-block-gallery has-nested-images columns-default is-cropped wp-block-gallery-3 is-layout-flex wp-block-gallery-is-layout-flex\">\n<figure class=\"wp-block-image size-large\"><a href=\"https:\/\/pfadfinder-diespeck.de\/wp-content\/uploads\/2025\/06\/IMG_2661-scaled.jpg\"><img loading=\"lazy\" decoding=\"async\" width=\"768\" height=\"1024\" data-id=\"2970\" src=\"https:\/\/pfadfinder-diespeck.de\/wp-content\/uploads\/2025\/06\/IMG_2661-768x1024.jpg\" alt=\"\" class=\"wp-image-2970\" srcset=\"https:\/\/pfadfinder-diespeck.de\/wp-content\/uploads\/2025\/06\/IMG_2661-768x1024.jpg 768w, https:\/\/pfadfinder-diespeck.de\/wp-content\/uploads\/2025\/06\/IMG_2661-225x300.jpg 225w, https:\/\/pfadfinder-diespeck.de\/wp-content\/uploads\/2025\/06\/IMG_2661-1152x1536.jpg 1152w, https:\/\/pfadfinder-diespeck.de\/wp-content\/uploads\/2025\/06\/IMG_2661-1536x2048.jpg 1536w, https:\/\/pfadfinder-diespeck.de\/wp-content\/uploads\/2025\/06\/IMG_2661-scaled.jpg 1920w\" sizes=\"auto, (max-width: 768px) 100vw, 768px\" \/><\/a><\/figure>\n\n\n\n<figure class=\"wp-block-image size-large\"><a href=\"https:\/\/pfadfinder-diespeck.de\/wp-content\/uploads\/2025\/06\/P1010245-scaled.jpeg\"><img loading=\"lazy\" decoding=\"async\" width=\"683\" height=\"1024\" data-id=\"2974\" src=\"https:\/\/pfadfinder-diespeck.de\/wp-content\/uploads\/2025\/06\/P1010245-683x1024.jpeg\" alt=\"\" class=\"wp-image-2974\" srcset=\"https:\/\/pfadfinder-diespeck.de\/wp-content\/uploads\/2025\/06\/P1010245-683x1024.jpeg 683w, https:\/\/pfadfinder-diespeck.de\/wp-content\/uploads\/2025\/06\/P1010245-200x300.jpeg 200w, https:\/\/pfadfinder-diespeck.de\/wp-content\/uploads\/2025\/06\/P1010245-768x1152.jpeg 768w, https:\/\/pfadfinder-diespeck.de\/wp-content\/uploads\/2025\/06\/P1010245-1024x1536.jpeg 1024w, https:\/\/pfadfinder-diespeck.de\/wp-content\/uploads\/2025\/06\/P1010245-1365x2048.jpeg 1365w, https:\/\/pfadfinder-diespeck.de\/wp-content\/uploads\/2025\/06\/P1010245-scaled.jpeg 1707w\" sizes=\"auto, (max-width: 683px) 100vw, 683px\" \/><\/a><\/figure>\n<\/figure>\n\n\n\n<p><\/p>\n\n\n\n<p><\/p>\n\n\n<div class=\"wp-block-image\">\n<figure class=\"aligncenter size-large\"><a href=\"https:\/\/pfadfinder-diespeck.de\/wp-content\/uploads\/2025\/06\/IMG_2860-scaled.jpg\"><img loading=\"lazy\" decoding=\"async\" width=\"768\" height=\"1024\" src=\"https:\/\/pfadfinder-diespeck.de\/wp-content\/uploads\/2025\/06\/IMG_2860-768x1024.jpg\" alt=\"\" class=\"wp-image-2971\" srcset=\"https:\/\/pfadfinder-diespeck.de\/wp-content\/uploads\/2025\/06\/IMG_2860-768x1024.jpg 768w, https:\/\/pfadfinder-diespeck.de\/wp-content\/uploads\/2025\/06\/IMG_2860-225x300.jpg 225w, https:\/\/pfadfinder-diespeck.de\/wp-content\/uploads\/2025\/06\/IMG_2860-1152x1536.jpg 1152w, https:\/\/pfadfinder-diespeck.de\/wp-content\/uploads\/2025\/06\/IMG_2860-1536x2048.jpg 1536w, https:\/\/pfadfinder-diespeck.de\/wp-content\/uploads\/2025\/06\/IMG_2860-scaled.jpg 1920w\" sizes=\"auto, (max-width: 768px) 100vw, 768px\" \/><\/a><\/figure><\/div>\n\n\n<p><\/p>\n\n\n<div class=\"wp-block-image\">\n<figure class=\"aligncenter size-large\"><a href=\"https:\/\/pfadfinder-diespeck.de\/wp-content\/uploads\/2025\/06\/PfiLa25_Lagerfeuer-scaled.jpg\"><img loading=\"lazy\" decoding=\"async\" width=\"1024\" height=\"768\" src=\"https:\/\/pfadfinder-diespeck.de\/wp-content\/uploads\/2025\/06\/PfiLa25_Lagerfeuer-1024x768.jpg\" alt=\"\" class=\"wp-image-2975\" srcset=\"https:\/\/pfadfinder-diespeck.de\/wp-content\/uploads\/2025\/06\/PfiLa25_Lagerfeuer-1024x768.jpg 1024w, https:\/\/pfadfinder-diespeck.de\/wp-content\/uploads\/2025\/06\/PfiLa25_Lagerfeuer-300x225.jpg 300w, https:\/\/pfadfinder-diespeck.de\/wp-content\/uploads\/2025\/06\/PfiLa25_Lagerfeuer-768x576.jpg 768w, https:\/\/pfadfinder-diespeck.de\/wp-content\/uploads\/2025\/06\/PfiLa25_Lagerfeuer-1536x1152.jpg 1536w, https:\/\/pfadfinder-diespeck.de\/wp-content\/uploads\/2025\/06\/PfiLa25_Lagerfeuer-2048x1536.jpg 2048w, https:\/\/pfadfinder-diespeck.de\/wp-content\/uploads\/2025\/06\/PfiLa25_Lagerfeuer-400x300.jpg 400w\" sizes=\"auto, (max-width: 1024px) 100vw, 1024px\" \/><\/a><\/figure><\/div>\n\n\n<p><\/p>\n\n\n<div class=\"wp-block-image\">\n<figure class=\"aligncenter size-large\"><a href=\"https:\/\/pfadfinder-diespeck.de\/wp-content\/uploads\/2025\/06\/IMG_7806.png\"><img loading=\"lazy\" decoding=\"async\" width=\"768\" height=\"1024\" src=\"https:\/\/pfadfinder-diespeck.de\/wp-content\/uploads\/2025\/06\/IMG_7806-768x1024.png\" alt=\"\" class=\"wp-image-2981\" srcset=\"https:\/\/pfadfinder-diespeck.de\/wp-content\/uploads\/2025\/06\/IMG_7806-768x1024.png 768w, https:\/\/pfadfinder-diespeck.de\/wp-content\/uploads\/2025\/06\/IMG_7806-225x300.png 225w, https:\/\/pfadfinder-diespeck.de\/wp-content\/uploads\/2025\/06\/IMG_7806-1152x1536.png 1152w, https:\/\/pfadfinder-diespeck.de\/wp-content\/uploads\/2025\/06\/IMG_7806-1536x2048.png 1536w\" sizes=\"auto, (max-width: 768px) 100vw, 768px\" \/><\/a><\/figure><\/div>\n\n\n<p><\/p>\n\n\n<div class=\"wp-block-image\">\n<figure class=\"aligncenter size-large\"><a href=\"https:\/\/pfadfinder-diespeck.de\/wp-content\/uploads\/2025\/06\/IMG_7908.png\"><img loading=\"lazy\" decoding=\"async\" width=\"768\" height=\"1024\" src=\"https:\/\/pfadfinder-diespeck.de\/wp-content\/uploads\/2025\/06\/IMG_7908-768x1024.png\" alt=\"\" class=\"wp-image-2979\" srcset=\"https:\/\/pfadfinder-diespeck.de\/wp-content\/uploads\/2025\/06\/IMG_7908-768x1024.png 768w, https:\/\/pfadfinder-diespeck.de\/wp-content\/uploads\/2025\/06\/IMG_7908-225x300.png 225w, https:\/\/pfadfinder-diespeck.de\/wp-content\/uploads\/2025\/06\/IMG_7908-1152x1536.png 1152w, https:\/\/pfadfinder-diespeck.de\/wp-content\/uploads\/2025\/06\/IMG_7908-1536x2048.png 1536w\" sizes=\"auto, (max-width: 768px) 100vw, 768px\" \/><\/a><\/figure><\/div>\n\n\n<p><\/p>\n\n\n\n<p><\/p>\n","protected":false},"excerpt":{"rendered":"<p>Nat\u00fcrlich k\u00f6nnen wir die erfahrene Gemeinschaft, den gelebten Glauben, spannende Abenteuer, den Duft von Feuerrauch und die vielen anderen kleinen und gro\u00dfen Dinge, welche die Pfadfinderei in unserem Stamm ausmachen, nicht f\u00fcr den Besucher einer Internetseite erfahrbar machen. Mit einigen &hellip;<\/p>\n","protected":false},"author":1,"featured_media":0,"parent":0,"menu_order":0,"comment_status":"closed","ping_status":"closed","template":"","meta":{"footnotes":""},"class_list":["post-2811","page","type-page","status-publish","hentry"],"_links":{"self":[{"href":"https:\/\/pfadfinder-diespeck.de\/index.php?rest_route=\/wp\/v2\/pages\/2811","targetHints":{"allow":["GET"]}}],"collection":[{"href":"https:\/\/pfadfinder-diespeck.de\/index.php?rest_route=\/wp\/v2\/pages"}],"about":[{"href":"https:\/\/pfadfinder-diespeck.de\/index.php?rest_route=\/wp\/v2\/types\/page"}],"author":[{"embeddable":true,"href":"https:\/\/pfadfinder-diespeck.de\/index.php?rest_route=\/wp\/v2\/users\/1"}],"replies":[{"embeddable":true,"href":"https:\/\/pfadfinder-diespeck.de\/index.php?rest_route=%2Fwp%2Fv2%2Fcomments&post=2811"}],"version-history":[{"count":29,"href":"https:\/\/pfadfinder-diespeck.de\/index.php?rest_route=\/wp\/v2\/pages\/2811\/revisions"}],"predecessor-version":[{"id":3044,"href":"https:\/\/pfadfinder-diespeck.de\/index.php?rest_route=\/wp\/v2\/pages\/2811\/revisions\/3044"}],"wp:attachment":[{"href":"https:\/\/pfadfinder-diespeck.de\/index.php?rest_route=%2Fwp%2Fv2%2Fmedia&parent=2811"}],"curies":[{"name":"wp","href":"https:\/\/api.w.org\/{rel}","templated":true}]}}