{"id":226,"date":"2016-12-25T09:50:34","date_gmt":"2016-12-25T09:50:34","guid":{"rendered":"http:\/\/pfadfinder-diespeck.de\/?page_id=226"},"modified":"2025-03-07T18:46:17","modified_gmt":"2025-03-07T17:46:17","slug":"die-cpd-e-v","status":"publish","type":"page","link":"https:\/\/pfadfinder-diespeck.de\/?page_id=226","title":{"rendered":"Unser Bund: die CPD e.V."},"content":{"rendered":"\n<p>Die Christliche Pfadfinderschaft Deutschlands ist ein bundesweit aktiver Jugendbund. Wir sind eine Gemeinschaft von Kindern, Jugendlichen und Erwachsenen, der Mittelpunkt unserer Aktivit\u00e4ten ist das selbst gesuchte Abenteuer auf Fahrt und Lager, eine erlebnisorientierte Glaubensvermittlung und ein Leben in verbindlicher Gemeinschaft.<\/p>\n\n\n\n<p>Wir sind eine Gemeinschaft, in der Jugendliche heranwachsen zu verantwortungsbewussten Pers\u00f6nlichkeiten, die demokratisch denken und handeln. Gemeinschaftliches Leben zu gestalten und Verantwortung zu \u00fcbernehmen, das zeichnet uns aus. Unsere Arbeitsformen wurzeln im Pfadfindertum und stehen in der Tradition der deutschen Jugendbewegung. Die Grundlage unserer Arbeit bildet dabei der christliche Glaube. Wir sind Teil der evangelischen Jugend und unsere einzelnen Gruppen wirken aktiv in den \u00f6rtlichen Kirchengemeinden. Dabei praktizieren wir \u00f6kumenische Offenheit.<\/p>\n\n\n\n<p>Wir unterscheiden drei Altersstufen in unserer Arbeit: die W\u00f6lflingsstufe f\u00fcr die Kinder, die Pfadfinderstufe f\u00fcr Jugendliche und die \u00c4lterenschaft f\u00fcr die Erwachsenen. Wir begreifen uns dabei als Lebensbund: Mit dem fortschreitenden Alter \u00e4ndern sich die Formen unserer Arbeit \u2013 aber es bleibt das Bed\u00fcrfnis, gemeinsam etwas zu erleben. W\u00f6chentlich treffen wir uns zu Gruppenstunden \u2013 das ist das wichtige Grundger\u00fcst unserer Arbeit. Wichtige Inhalte sind praktische Pfadfinderarbeit, Naturerlebnis, Glaubensvermittlung, musisches in jeder Form, soziales Engagement und nat\u00fcrlich Spiel und Spa\u00df. H\u00f6hepunkte sind vor allem Fahrten und Lager. Zu diesen brechen wir m\u00f6glichst oft auf, ob am Wochenende f\u00fcr ein oder zwei N\u00e4chte, ob zu den traditionellen Pfingst- oder Sommerlagern oder zu spannenden Gro\u00dffahrten, auf denen wir weit entfernte Gebiete erkunden, entdecken und erleben \u2013 ob in Nord-, S\u00fcd- oder Osteuropa oder in der ganzen Welt.<\/p>\n\n\n\n<h5 class=\"wp-block-heading\">Die Fahrt und das Lager<\/h5>\n\n\n\n<p>Die Fahrt ist eine selbst geplante Unternehmung, bei der die Sippe das nahe Umland oder unbekannte Regionen und L\u00e4nder durchquert. Die Fahrtenteilnehmer lernen eigene und L\u00e4ndergrenzen kennen. Man bewegt sich wandernd fort, f\u00e4hrt Rad oder paddelt im Kanu. Es wird in der Kohte, unter freiem Himmel oder in Scheunen \u00fcbernachtet. Die Sippe verpflegt sich selbst und kocht \u00fcber offenem Feuer. Im Mittelpunkt der Fahrt stehen: Natur erleben, Freiheit sp\u00fcren, Ausdauer ein\u00fcben, R\u00fccksicht nehmen, Verantwortung tragen, dem Alltag entkommen und Neues erfahren.<\/p>\n\n\n\n<p>Ob ein Wochenende oder \u00fcber einen l\u00e4ngeren Zeitraum, ob in Schwarzzelten oder in einer kleinen Selbstversorgerh\u00fctte, ob mit der Sippe oder auf einem gemeinsamen Bundeslager. Auf einem Lager nimmt man bewusst fehlenden Komfort und Beschwerlichkeiten in Kauf, setzt sich der Witterung aus, um sich eine eigene abenteuerliche Welt zu schaffen. Jeder Lagerteilnehmer hat die M\u00f6glichkeit, das Lagerleben mitzugestalten. Das Lager lebt davon, dass jeder bereit ist, sich einzubringen, mitzuhelfen und Verantwortung zu \u00fcbernehmen. Es werden Kenntnisse in Zeltbau, Knotenkunde, Feuer, Kochen und Erste Hilfe gefestigt und gemeinsam Handwerkliches, K\u00fcnstlerisches und Musisches einge\u00fcbt. Jeder gewinnt Erfahrungen aus erster Hand, durch eigenes Tun und Erleben.<\/p>\n\n\n\n<h5 class=\"wp-block-heading\">Der Aufbau unseres Bundes<\/h5>\n\n\n\n<p>Keimzelle unserer Arbeit ist die kleine Gruppe. Diese kleinen Gruppen \u2013 wir nennen sie Meuten oder Sippen \u2013 sind vor Ort zu St\u00e4mmen zusammengefasst. Hier f\u00e4ngt alles an \u2013 denn es ist etwas Besonderes, Teil einer solchen Gemeinschaft zu sein. Regional arbeiten mehrere St\u00e4mme auf der Ebene eines Gaues zusammen. Dieser Begriff stammt aus der Jugendbewegung und ist seit 1925 gebr\u00e4uchlich f\u00fcr eine regionale Struktur. Gaue bilden den Rahmen f\u00fcr gemeinsame Veranstaltungen der St\u00e4mme. Hier findet ein reger Austausch untereinander statt. Mehrere Gaue bilden zusammen wiederum eine Landesmark. Regelm\u00e4\u00dfig werden auch hier gr\u00f6\u00dfere Lager organisiert und insbesondere f\u00fcr die Schulung und die Arbeit mit \u00c4lteren ist die Landesmark eine wichtige Ebene.<\/p>\n\n\n\n<h5 class=\"wp-block-heading\"><strong>Zeichen der Gemeinschaft unseres Bundes &#8211; die gemeinsame Tracht<\/strong><\/h5>\n\n\n\n<blockquote class=\"wp-block-quote has-text-align-center is-layout-flow wp-block-quote-is-layout-flow\">\n<p class=\"has-text-align-center\"><em>\u201cWer die Kluft ordentlich tr\u00e4gt, macht der ganzen Pfadfinderbewegung Ehre.\u201d<\/em><\/p>\n<cite>\u00a0 \u00a0 \u00a0\u2013 Lord Baden-Powell, Gr\u00fcnder der Pfadfinderbewegung \u2013<\/cite><\/blockquote>\n\n\n\n<p>Es gibt f\u00fcr uns im Stamm viele gute Gr\u00fcnde unsere gemeinsame Kleidung \u2013 die Pfadfindertracht zu tragen. Am wichtigsten ist wohl, dass sie einfach die praktischste Arbeits- und Fahrtenkleidung ist, die wir alle kennen. Au\u00dferdem verdeckt sie dabei noch jeglichen sozialen Unterschied, was wir gut finden, da wir nicht m\u00f6chten, dass Einzelne \u201ebesser\u201c gestellt sind, nur weil sie vielleicht eine spezielle Marke tragen k\u00f6nnen.<\/p>\n\n\n\n<p>Unsere Stammesordnung\/Bundesordnung sagt zu den Abzeichen folgendes:<\/p>\n\n\n\n<p><em><u>W\u00f6lflinge:<\/u><\/em><\/p>\n\n\n\n<ul class=\"wp-block-list\">\n<li>Graues Hemd<\/li>\n\n\n\n<li>Wolfskopf in der Rudelfarbe auf der linken Brusttasche<\/li>\n\n\n\n<li>Stammesabzeichen auf der rechten Schulter<\/li>\n\n\n\n<li>Gr\u00fcnes Halstuch (wird vom Akela nach erf\u00fcllten W\u00f6lflingsproben verliehen)<\/li>\n<\/ul>\n\n\n\n<p><em><u>Pfadfinder:<\/u><\/em><\/p>\n\n\n\n<ul class=\"wp-block-list\">\n<li>Graues Hemd<\/li>\n\n\n\n<li>Blaues Halstuch (wird vom Stammesf\u00fchrer nach erf\u00fcllten Jungpfadfinderproben verliehen)<\/li>\n\n\n\n<li>Kreuzlilie auf der linke Brusttasche<\/li>\n\n\n\n<li>Deutschlandband \u00fcber der linken Brusttasche nach der ersten Auslandsfahrt<\/li>\n\n\n\n<li>Stammesabzeichen auf der rechten Schulter<\/li>\n<\/ul>\n\n\n\n<p>Zudem gibt es abweichend zu den Kluften\/Halst\u00fcchern der Pfadfinder noch ein paar besondere Kennzeichen f\u00fcr Meutenhelfen\/Meutenf\u00fchrer und Akelas. Sie tragen n\u00e4mlich das gr\u00fcne Halstuch und auf der rechten Brusttasche den gr\u00fcnen bzw. roten Wolfskopf auf silbernem Grund.<\/p>\n\n\n\n<p><em>Quelle: www.c-p-d.info; Bundesordnung der CPD e.V.; Stammesordnung des Stammes Veit vom Berg<\/em><\/p>\n","protected":false},"excerpt":{"rendered":"<p>Die Christliche Pfadfinderschaft Deutschlands ist ein bundesweit aktiver Jugendbund. Wir sind eine Gemeinschaft von Kindern, Jugendlichen und Erwachsenen, der Mittelpunkt unserer Aktivit\u00e4ten ist das selbst gesuchte Abenteuer auf Fahrt und Lager, eine erlebnisorientierte Glaubensvermittlung und ein Leben in verbindlicher Gemeinschaft. &hellip;<\/p>\n","protected":false},"author":1,"featured_media":2925,"parent":0,"menu_order":0,"comment_status":"closed","ping_status":"closed","template":"","meta":{"footnotes":""},"class_list":["post-226","page","type-page","status-publish","has-post-thumbnail","hentry"],"_links":{"self":[{"href":"https:\/\/pfadfinder-diespeck.de\/index.php?rest_route=\/wp\/v2\/pages\/226","targetHints":{"allow":["GET"]}}],"collection":[{"href":"https:\/\/pfadfinder-diespeck.de\/index.php?rest_route=\/wp\/v2\/pages"}],"about":[{"href":"https:\/\/pfadfinder-diespeck.de\/index.php?rest_route=\/wp\/v2\/types\/page"}],"author":[{"embeddable":true,"href":"https:\/\/pfadfinder-diespeck.de\/index.php?rest_route=\/wp\/v2\/users\/1"}],"replies":[{"embeddable":true,"href":"https:\/\/pfadfinder-diespeck.de\/index.php?rest_route=%2Fwp%2Fv2%2Fcomments&post=226"}],"version-history":[{"count":17,"href":"https:\/\/pfadfinder-diespeck.de\/index.php?rest_route=\/wp\/v2\/pages\/226\/revisions"}],"predecessor-version":[{"id":2924,"href":"https:\/\/pfadfinder-diespeck.de\/index.php?rest_route=\/wp\/v2\/pages\/226\/revisions\/2924"}],"wp:featuredmedia":[{"embeddable":true,"href":"https:\/\/pfadfinder-diespeck.de\/index.php?rest_route=\/wp\/v2\/media\/2925"}],"wp:attachment":[{"href":"https:\/\/pfadfinder-diespeck.de\/index.php?rest_route=%2Fwp%2Fv2%2Fmedia&parent=226"}],"curies":[{"name":"wp","href":"https:\/\/api.w.org\/{rel}","templated":true}]}}